{"id":2405,"date":"2022-09-22T05:58:41","date_gmt":"2022-09-22T03:58:41","guid":{"rendered":"https:\/\/congresoenvejecimientoysalud.com\/?page_id=2405"},"modified":"2022-09-22T06:08:39","modified_gmt":"2022-09-22T04:08:39","slug":"visitas-monumentales-gratuitas","status":"publish","type":"page","link":"https:\/\/congresoenvejecimientoysalud.com\/pt\/visitas-monumentales-gratuitas\/","title":{"rendered":"visitas monumentales gratuitas"},"content":{"rendered":"<div data-elementor-type=\"wp-page\" data-elementor-id=\"2405\" class=\"elementor elementor-2405\">\n\t\t\t\t\t\t\t\t\t<section class=\"elementor-section elementor-top-section elementor-element elementor-element-443dd5b2 elementor-section-content-middle elementor-section-boxed elementor-section-height-default elementor-section-height-default\" data-id=\"443dd5b2\" data-element_type=\"section\" data-settings=\"{&quot;background_background&quot;:&quot;classic&quot;}\">\n\t\t\t\t\t\t<div class=\"elementor-container elementor-column-gap-no\">\n\t\t\t\t\t<div class=\"elementor-column elementor-col-100 elementor-top-column elementor-element elementor-element-4fe751d3\" data-id=\"4fe751d3\" data-element_type=\"column\" data-settings=\"{&quot;background_background&quot;:&quot;classic&quot;}\">\n\t\t\t<div class=\"elementor-widget-wrap elementor-element-populated\">\n\t\t\t\t\t\t\t\t<div class=\"elementor-element elementor-element-65b3dcc5 elementor-icon-list--layout-traditional elementor-list-item-link-full_width elementor-widget elementor-widget-icon-list\" data-id=\"65b3dcc5\" data-element_type=\"widget\" data-widget_type=\"icon-list.default\">\n\t\t\t\t<div class=\"elementor-widget-container\">\n\t\t\t<link rel=\"stylesheet\" href=\"https:\/\/congresoenvejecimientoysalud.com\/wp-content\/plugins\/elementor\/assets\/css\/widget-icon-list.min.css\">\t\t<ul class=\"elementor-icon-list-items\">\n\t\t\t\t\t\t\t<li class=\"elementor-icon-list-item\">\n\t\t\t\t\t\t\t\t\t\t\t<span class=\"elementor-icon-list-icon\">\n\t\t\t\t\t\t\t<i aria-hidden=\"true\" class=\"fas fa-align-left\"><\/i>\t\t\t\t\t\t<\/span>\n\t\t\t\t\t\t\t\t\t\t<span class=\"elementor-icon-list-text\">Visitas monumentales gratuitas<\/span>\n\t\t\t\t\t\t\t\t\t<\/li>\n\t\t\t\t\t\t<\/ul>\n\t\t\t\t<\/div>\n\t\t\t\t<\/div>\n\t\t\t\t<div class=\"elementor-element elementor-element-72c845fb elementor-widget elementor-widget-heading\" data-id=\"72c845fb\" data-element_type=\"widget\" data-widget_type=\"heading.default\">\n\t\t\t\t<div class=\"elementor-widget-container\">\n\t\t\t<style>\/*! elementor - v3.12.1 - 02-04-2023 *\/\n.elementor-heading-title{padding:0;margin:0;line-height:1}.elementor-widget-heading .elementor-heading-title[class*=elementor-size-]>a{color:inherit;font-size:inherit;line-height:inherit}.elementor-widget-heading .elementor-heading-title.elementor-size-small{font-size:15px}.elementor-widget-heading .elementor-heading-title.elementor-size-medium{font-size:19px}.elementor-widget-heading .elementor-heading-title.elementor-size-large{font-size:29px}.elementor-widget-heading .elementor-heading-title.elementor-size-xl{font-size:39px}.elementor-widget-heading .elementor-heading-title.elementor-size-xxl{font-size:59px}<\/style><h1 class=\"elementor-heading-title elementor-size-default\">I Congresso Envelhecimento e Sa\u00fade<\/h1>\t\t<\/div>\n\t\t\t\t<\/div>\n\t\t\t\t<div class=\"elementor-element elementor-element-51b146ea elementor-widget elementor-widget-heading\" data-id=\"51b146ea\" data-element_type=\"widget\" data-widget_type=\"heading.default\">\n\t\t\t\t<div class=\"elementor-widget-container\">\n\t\t\t<p class=\"elementor-heading-title elementor-size-default\"><small><strong>Datas de submiss\u00e3o: <\/strong>Hasta el 15 de octubre de 2022\n<\/small><\/p>\t\t<\/div>\n\t\t\t\t<\/div>\n\t\t\t\t<div class=\"elementor-element elementor-element-55a8251d uael-gf-ajax-yes uael-gf-button-justify uael-gf-style-box uael-gf-input-size-sm uael-gf-enable-classes-no uael-gf-btn-size-sm elementor-widget elementor-widget-uael-gf-styler\" data-id=\"55a8251d\" data-element_type=\"widget\" data-widget_type=\"uael-gf-styler.default\">\n\t\t\t\t<div class=\"elementor-widget-container\">\n\t\t\t<div class=\"uael-gf-style uael-gf-check-style elementor-clickable\">\r\n\t<p>Desculpe! Este formul\u00e1rio j\u00e1 n\u00e3o est\u00e1 dispon\u00edvel.<\/p>\r\n<\/div>\r\n\t\t<\/div>\n\t\t\t\t<\/div>\n\t\t\t\t\t<\/div>\n\t\t<\/div>\n\t\t\t\t\t\t\t<\/div>\n\t\t<\/section>\n\t\t\t\t\t\t\t<\/div>","protected":false},"excerpt":{"rendered":"<p>Visitas monumentales gratuitas I Congreso Envejecimiento y Salud Plazos de presentaci\u00f3n: Hasta el 15 de octubre de 2022 Nombre(Obligatorio) Nombre Apellidos Email(Obligatorio) Tel\u00e9fono(Obligatorio)Selecci\u00f3n del d\u00eda &hellip;<\/p>\n<p class=\"read-more\"> <a class=\"\" href=\"https:\/\/congresoenvejecimientoysalud.com\/pt\/visitas-monumentales-gratuitas\/\"> <span class=\"screen-reader-text\">visitas monumentales gratuitas<\/span> Read More &raquo;<\/a><\/p>","protected":false},"author":1,"featured_media":0,"parent":0,"menu_order":0,"comment_status":"closed","ping_status":"closed","template":"","meta":{"site-sidebar-layout":"no-sidebar","site-content-layout":"page-builder","ast-global-header-display":"","ast-main-header-display":"","ast-hfb-above-header-display":"","ast-hfb-below-header-display":"","ast-hfb-mobile-header-display":"","site-post-title":"disabled","ast-breadcrumbs-content":"","ast-featured-img":"disabled","footer-sml-layout":"","theme-transparent-header-meta":"","adv-header-id-meta":"","stick-header-meta":"","header-above-stick-meta":"","header-main-stick-meta":"","header-below-stick-meta":"","footnotes":""},"class_list":["post-2405","page","type-page","status-publish","hentry"],"_links":{"self":[{"href":"https:\/\/congresoenvejecimientoysalud.com\/pt\/wp-json\/wp\/v2\/pages\/2405","targetHints":{"allow":["GET"]}}],"collection":[{"href":"https:\/\/congresoenvejecimientoysalud.com\/pt\/wp-json\/wp\/v2\/pages"}],"about":[{"href":"https:\/\/congresoenvejecimientoysalud.com\/pt\/wp-json\/wp\/v2\/types\/page"}],"author":[{"embeddable":true,"href":"https:\/\/congresoenvejecimientoysalud.com\/pt\/wp-json\/wp\/v2\/users\/1"}],"replies":[{"embeddable":true,"href":"https:\/\/congresoenvejecimientoysalud.com\/pt\/wp-json\/wp\/v2\/comments?post=2405"}],"version-history":[{"count":7,"href":"https:\/\/congresoenvejecimientoysalud.com\/pt\/wp-json\/wp\/v2\/pages\/2405\/revisions"}],"predecessor-version":[{"id":2416,"href":"https:\/\/congresoenvejecimientoysalud.com\/pt\/wp-json\/wp\/v2\/pages\/2405\/revisions\/2416"}],"wp:attachment":[{"href":"https:\/\/congresoenvejecimientoysalud.com\/pt\/wp-json\/wp\/v2\/media?parent=2405"}],"curies":[{"name":"wp","href":"https:\/\/api.w.org\/{rel}","templated":true}]}}