{"id":1808,"date":"2022-06-27T09:05:39","date_gmt":"2022-06-27T07:05:39","guid":{"rendered":"https:\/\/congresoenvejecimientoysalud.com\/?page_id=1808"},"modified":"2022-07-14T12:49:58","modified_gmt":"2022-07-14T10:49:58","slug":"comunicaciones-y-posters","status":"publish","type":"page","link":"https:\/\/congresoenvejecimientoysalud.com\/pt\/comunicaciones-y-posters\/","title":{"rendered":"comunicaciones y posters"},"content":{"rendered":"<div data-elementor-type=\"wp-page\" data-elementor-id=\"1808\" class=\"elementor elementor-1808\">\n\t\t\t\t\t\t\t\t\t<section class=\"elementor-section elementor-top-section elementor-element elementor-element-b23e251 elementor-section-content-middle elementor-section-boxed elementor-section-height-default elementor-section-height-default\" data-id=\"b23e251\" data-element_type=\"section\" data-settings=\"{&quot;background_background&quot;:&quot;classic&quot;}\">\n\t\t\t\t\t\t<div class=\"elementor-container elementor-column-gap-no\">\n\t\t\t\t\t<div class=\"elementor-column elementor-col-100 elementor-top-column elementor-element elementor-element-14dd96d4\" data-id=\"14dd96d4\" data-element_type=\"column\" data-settings=\"{&quot;background_background&quot;:&quot;classic&quot;}\">\n\t\t\t<div class=\"elementor-widget-wrap elementor-element-populated\">\n\t\t\t\t\t\t\t\t<div class=\"elementor-element elementor-element-4d78d36d elementor-icon-list--layout-traditional elementor-list-item-link-full_width elementor-widget elementor-widget-icon-list\" data-id=\"4d78d36d\" data-element_type=\"widget\" data-widget_type=\"icon-list.default\">\n\t\t\t\t<div class=\"elementor-widget-container\">\n\t\t\t<link rel=\"stylesheet\" href=\"https:\/\/congresoenvejecimientoysalud.com\/wp-content\/plugins\/elementor\/assets\/css\/widget-icon-list.min.css\">\t\t<ul class=\"elementor-icon-list-items\">\n\t\t\t\t\t\t\t<li class=\"elementor-icon-list-item\">\n\t\t\t\t\t\t\t\t\t\t\t<span class=\"elementor-icon-list-icon\">\n\t\t\t\t\t\t\t<i aria-hidden=\"true\" class=\"fas fa-align-left\"><\/i>\t\t\t\t\t\t<\/span>\n\t\t\t\t\t\t\t\t\t\t<span class=\"elementor-icon-list-text\">Comunica\u00e7\u00f5es e posters<\/span>\n\t\t\t\t\t\t\t\t\t<\/li>\n\t\t\t\t\t\t<\/ul>\n\t\t\t\t<\/div>\n\t\t\t\t<\/div>\n\t\t\t\t<div class=\"elementor-element elementor-element-8d4c8be elementor-widget elementor-widget-heading\" data-id=\"8d4c8be\" data-element_type=\"widget\" data-widget_type=\"heading.default\">\n\t\t\t\t<div class=\"elementor-widget-container\">\n\t\t\t<style>\/*! elementor - v3.12.1 - 02-04-2023 *\/\n.elementor-heading-title{padding:0;margin:0;line-height:1}.elementor-widget-heading .elementor-heading-title[class*=elementor-size-]>a{color:inherit;font-size:inherit;line-height:inherit}.elementor-widget-heading .elementor-heading-title.elementor-size-small{font-size:15px}.elementor-widget-heading .elementor-heading-title.elementor-size-medium{font-size:19px}.elementor-widget-heading .elementor-heading-title.elementor-size-large{font-size:29px}.elementor-widget-heading .elementor-heading-title.elementor-size-xl{font-size:39px}.elementor-widget-heading .elementor-heading-title.elementor-size-xxl{font-size:59px}<\/style><h1 class=\"elementor-heading-title elementor-size-default\">I Congresso Envelhecimento e Sa\u00fade<\/h1>\t\t<\/div>\n\t\t\t\t<\/div>\n\t\t\t\t<div class=\"elementor-element elementor-element-75ce4b6 elementor-widget elementor-widget-heading\" data-id=\"75ce4b6\" data-element_type=\"widget\" data-widget_type=\"heading.default\">\n\t\t\t\t<div class=\"elementor-widget-container\">\n\t\t\t<p class=\"elementor-heading-title elementor-size-default\"><small><strong>Datas de submiss\u00e3o: <\/strong>at\u00e9 11 de Setembro de 2022\n<br><strong>Revis\u00e3o da Comiss\u00e3o Cient\u00edfica: <\/strong>at\u00e9 30 de Setembro de 2022 <br><strong>Comunicaci\u00f3n de aceptaci\u00f3n\/rechazo:<\/strong> antes de 07 de Outubro de 2022<\/small><\/p>\t\t<\/div>\n\t\t\t\t<\/div>\n\t\t\t\t<div class=\"elementor-element elementor-element-21ccdd5 elementor-align-center elementor-widget elementor-widget-button\" data-id=\"21ccdd5\" data-element_type=\"widget\" data-widget_type=\"button.default\">\n\t\t\t\t<div class=\"elementor-widget-container\">\n\t\t\t\t\t<div class=\"elementor-button-wrapper\">\n\t\t\t<a href=\"https:\/\/congresoenvejecimientoysalud.com\/wp-content\/uploads\/2022\/07\/NORMAS-PARA-LA-PRESENTACION-DE-POSTERS-Y-COMUNICACIONES-2.pdf\" target=\"_blank\" class=\"elementor-button-link elementor-button elementor-size-sm\" role=\"button\">\n\t\t\t\t\t\t<span class=\"elementor-button-content-wrapper\">\n\t\t\t\t\t\t\t<span class=\"elementor-button-icon elementor-align-icon-left\">\n\t\t\t\t<i aria-hidden=\"true\" class=\"far fa-file-pdf\"><\/i>\t\t\t<\/span>\n\t\t\t\t\t\t<span class=\"elementor-button-text\">Normas para a Apresenta\u00e7\u00e3o de Comunica\u00e7\u00f5es e Posters (PDF)<\/span>\n\t\t<\/span>\n\t\t\t\t\t<\/a>\n\t\t<\/div>\n\t\t\t\t<\/div>\n\t\t\t\t<\/div>\n\t\t\t\t<div class=\"elementor-element elementor-element-e0a6eeb uael-gf-ajax-yes uael-gf-button-justify uael-gf-style-box uael-gf-input-size-sm uael-gf-enable-classes-no uael-gf-btn-size-sm elementor-widget elementor-widget-uael-gf-styler\" data-id=\"e0a6eeb\" data-element_type=\"widget\" data-widget_type=\"uael-gf-styler.default\">\n\t\t\t\t<div class=\"elementor-widget-container\">\n\t\t\t<div class=\"uael-gf-style uael-gf-check-style elementor-clickable\">\r\n\t<p>Desculpe! Este formul\u00e1rio j\u00e1 n\u00e3o est\u00e1 dispon\u00edvel.<\/p>\r\n<\/div>\r\n\t\t<\/div>\n\t\t\t\t<\/div>\n\t\t\t\t\t<\/div>\n\t\t<\/div>\n\t\t\t\t\t\t\t<\/div>\n\t\t<\/section>\n\t\t\t\t\t\t\t<\/div>","protected":false},"excerpt":{"rendered":"<p>COMUNICACIONES Y POSTERS I Congreso Envejecimiento y Salud Plazos de presentaci\u00f3n: Hasta el 11 de septiembre de 2022 Revisi\u00f3n del comit\u00e9 cient\u00edfico: Hasta el 30 &hellip;<\/p>\n<p class=\"read-more\"> <a class=\"\" href=\"https:\/\/congresoenvejecimientoysalud.com\/pt\/comunicaciones-y-posters\/\"> <span class=\"screen-reader-text\">comunicaciones y posters<\/span> Read More &raquo;<\/a><\/p>","protected":false},"author":1,"featured_media":0,"parent":0,"menu_order":0,"comment_status":"closed","ping_status":"closed","template":"","meta":{"site-sidebar-layout":"no-sidebar","site-content-layout":"page-builder","ast-global-header-display":"","ast-main-header-display":"","ast-hfb-above-header-display":"","ast-hfb-below-header-display":"","ast-hfb-mobile-header-display":"","site-post-title":"disabled","ast-breadcrumbs-content":"","ast-featured-img":"disabled","footer-sml-layout":"disabled","theme-transparent-header-meta":"","adv-header-id-meta":"","stick-header-meta":"","header-above-stick-meta":"","header-main-stick-meta":"","header-below-stick-meta":"","footnotes":""},"class_list":["post-1808","page","type-page","status-publish","hentry"],"_links":{"self":[{"href":"https:\/\/congresoenvejecimientoysalud.com\/pt\/wp-json\/wp\/v2\/pages\/1808","targetHints":{"allow":["GET"]}}],"collection":[{"href":"https:\/\/congresoenvejecimientoysalud.com\/pt\/wp-json\/wp\/v2\/pages"}],"about":[{"href":"https:\/\/congresoenvejecimientoysalud.com\/pt\/wp-json\/wp\/v2\/types\/page"}],"author":[{"embeddable":true,"href":"https:\/\/congresoenvejecimientoysalud.com\/pt\/wp-json\/wp\/v2\/users\/1"}],"replies":[{"embeddable":true,"href":"https:\/\/congresoenvejecimientoysalud.com\/pt\/wp-json\/wp\/v2\/comments?post=1808"}],"version-history":[{"count":65,"href":"https:\/\/congresoenvejecimientoysalud.com\/pt\/wp-json\/wp\/v2\/pages\/1808\/revisions"}],"predecessor-version":[{"id":2258,"href":"https:\/\/congresoenvejecimientoysalud.com\/pt\/wp-json\/wp\/v2\/pages\/1808\/revisions\/2258"}],"wp:attachment":[{"href":"https:\/\/congresoenvejecimientoysalud.com\/pt\/wp-json\/wp\/v2\/media?parent=1808"}],"curies":[{"name":"wp","href":"https:\/\/api.w.org\/{rel}","templated":true}]}}